{"id":123,"date":"2019-09-09T23:12:24","date_gmt":"2019-09-10T02:12:24","guid":{"rendered":"http:\/\/buffetdecrepefrances.com.br\/?page_id=123"},"modified":"2023-04-28T18:01:11","modified_gmt":"2023-04-28T21:01:11","slug":"paris","status":"publish","type":"page","link":"https:\/\/buffetdecrepefrances.com.br\/index.php\/one-page-express\/paris\/","title":{"rendered":"Paris"},"content":{"rendered":"\n<figure class=\"wp-block-image size-full is-resized\"><img decoding=\"async\" src=\"http:\/\/buffetdecrepefrances.com.br\/wp-content\/uploads\/2023\/04\/WhatsApp-Image-2023-04-28-at-16.05.19.jpeg\" alt=\"\" class=\"wp-image-368\" width=\"413\" height=\"310\" srcset=\"https:\/\/buffetdecrepefrances.com.br\/wp-content\/uploads\/2023\/04\/WhatsApp-Image-2023-04-28-at-16.05.19.jpeg 828w, https:\/\/buffetdecrepefrances.com.br\/wp-content\/uploads\/2023\/04\/WhatsApp-Image-2023-04-28-at-16.05.19-300x225.jpeg 300w, https:\/\/buffetdecrepefrances.com.br\/wp-content\/uploads\/2023\/04\/WhatsApp-Image-2023-04-28-at-16.05.19-768x577.jpeg 768w\" sizes=\"(max-width: 413px) 100vw, 413px\" \/><\/figure>\n\n\n\n<p>Um toque de Paris ao seu Evento<\/p>\n\n\n\n<p class=\"has-text-color has-background\" style=\"color:#000406;background-color:#faf68a\"><strong>Card\u00e1pio Paris<\/strong><\/p>\n\n\n\n<p class=\"has-text-align-left\">Est\u00e1 incluso todos os itens abaixo.<\/p>\n\n\n\n<p class=\"has-text-align-left\">Entrada: Torradas ao Molho do Chef <\/p>\n\n\n\n<p class=\"has-very-dark-gray-color has-text-color has-background\" style=\"background-color:#feffaa\"><strong>Crepes salgados<\/strong><\/p>\n\n\n\n<p class=\"has-text-align-left\">1 \u2013 Quatro queijos<\/p>\n\n\n\n<p class=\"has-text-align-left\">2- Creme de Camar\u00e3o<\/p>\n\n\n\n<p class=\"has-text-align-left\">3- Queijo e Presunto<\/p>\n\n\n\n<p class=\"has-text-align-left\">4- Frango com Catupiry<\/p>\n\n\n\n<p class=\"has-text-align-left\">5- Calabresa com Catupiry<\/p>\n\n\n\n<p class=\"has-text-align-left\">6- Queijo, Palmito e or\u00e9gano<\/p>\n\n\n\n<p class=\"has-text-align-left\">7- Queijo, Tomate e manjeric\u00e3o<\/p>\n\n\n\n<p class=\"has-text-align-left\">8- Calabresa Acebolada, Queijo Tomate, Azeitona e Or\u00e9gano<\/p>\n\n\n\n<p class=\"has-text-align-left\">9- Queijo e Calabresa<\/p>\n\n\n\n<p class=\"has-text-align-left\">10 \u2013 Calabresa com Cheddar Cremoso<\/p>\n\n\n\n<p class=\"has-text-align-left\">11- Palmito, Milho e Queijo<\/p>\n\n\n\n<p class=\"has-text-align-left\">12 \u2013 Palmito, Queijo, tomate e Broc\u00f3lis<\/p>\n\n\n\n<p class=\"has-text-align-left\">13- Palmito, Calabresa, Queijo e Catupiry<\/p>\n\n\n\n<p class=\"has-text-align-left\">14- Frango, Catupiry, Azeitonas, Or\u00e9gano e Cebola<\/p>\n\n\n\n<p class=\"has-text-align-left\">15- Frango, Milho, Queijo e Or\u00e9gano<\/p>\n\n\n\n<p class=\"has-text-align-left\">16- Calabresa, Queijo, Catupiry e Vinagrete<\/p>\n\n\n\n<p class=\"has-text-align-left\">17- Creme de Camar\u00e3o e tomate e queijo<\/p>\n\n\n\n<p class=\"has-text-align-left\">18 \u2013 Br\u00f3colis refogado no Alho com Queijo<\/p>\n\n\n\n<p class=\"has-text-align-left\">19 \u2013 Br\u00f3colis com Queijo e Catupiry<\/p>\n\n\n\n<p class=\"has-text-align-left\">20 \u2013 Queijo, Presunto, Catupiry, azeitonas, tomate e or\u00e9gano<\/p>\n\n\n\n<p class=\"has-text-align-left\"><strong>Acompanhamento<\/strong>: Molho Vermelho, Molho de Queijos  e Parmes\u00e3o ralado.<\/p>\n\n\n\n<p class=\"has-text-align-left\"><strong>Saladas:<\/strong>&nbsp;Folhas verdes, Ruc\u00fala, Alface, Alface Americano, Pepino, Cenoura ralada, Beterraba, Milho, Palmito, Tomates, Manga e Azeitonas<\/p>\n\n\n\n<p class=\"has-text-align-left\"><strong>Temperos<\/strong>: Queijo parmes\u00e3o ralado, Azeite, Vinagre Bals\u00e1mico, Pimenta, Molho de Alho, Molho Rose e Molho de queijos.<\/p>\n\n\n\n<figure class=\"wp-block-image is-resized\"><img decoding=\"async\" src=\"http:\/\/buffetdecrepefrances.com.br\/wp-content\/uploads\/2019\/08\/camar\u00e3o-1024x626.jpg\" alt=\"\" class=\"wp-image-64\" width=\"397\" height=\"241\"\/><\/figure>\n\n\n\n<p class=\"has-background\" style=\"background-color:#faf68a\"><strong>Crepes Doces<\/strong><\/p>\n\n\n\n<p class=\"has-text-align-left\">1- Morango com chocolate ou <strong>Nutella<\/strong> <\/p>\n\n\n\n<p class=\"has-text-align-left\">2-&nbsp;Banana com leite condensado e canela ou <strong>Nutella<\/strong>  <\/p>\n\n\n\n<p class=\"has-text-align-left\">3 \u2013 Brigadeiro<\/p>\n\n\n\n<p class=\"has-text-align-left\">4 \u2013 Prest\u00edgio&nbsp; ( chocolate com Coco )<\/p>\n\n\n\n<p class=\"has-text-align-left\">5 \u2013 Doce de Leite ( Delicioso ) <\/p>\n\n\n\n<p class=\"has-text-align-left\">6 \u2013&nbsp;Beijinho ( leite condensado c\/ coco)<\/p>\n\n\n\n<p class=\"has-text-align-left\">7 \u2013 Romeu &amp; Julieta ( Goiabada com Queijo)<\/p>\n\n\n\n<p class=\"has-text-align-left\"><strong>Acompanhamentos<\/strong>:  Sorvete de Creme\/ Flocos ( ou sabor de sua prefer\u00eancia)<\/p>\n\n\n\n<p class=\"has-text-align-left\">\u2013 Calda de Chocolate, Calda de Morango, Calda de Caramelo, Granulado de Chocolate e Castanha de Amendoim<\/p>\n\n\n\n<figure class=\"wp-block-image is-resized\"><img decoding=\"async\" src=\"http:\/\/buffetdecrepefrances.com.br\/wp-content\/uploads\/2019\/08\/c700x420.jpg\" alt=\"\" class=\"wp-image-68\" width=\"390\" height=\"234\" srcset=\"https:\/\/buffetdecrepefrances.com.br\/wp-content\/uploads\/2019\/08\/c700x420.jpg 700w, https:\/\/buffetdecrepefrances.com.br\/wp-content\/uploads\/2019\/08\/c700x420-300x180.jpg 300w\" sizes=\"(max-width: 390px) 100vw, 390px\" \/><\/figure>\n\n\n\n<p class=\"has-text-align-left has-background\" style=\"background-color:#faf68a\"><strong>Bebidas :<\/strong>&nbsp;<strong>Coca-Cola<\/strong> e Guaran\u00e1 <strong>Antarctica<\/strong> ( Vers\u00f5es normais e Zero ) Sucos <strong>Del Valle<\/strong>  e \u00c1gua Mineral, Levamos <strong>GELOS<\/strong> para as bebidas. <\/p>\n\n\n\n<p class=\"has-text-align-left has-background\" style=\"background-color:#faf68a\"><strong>Finaliza\u00e7\u00e3o:<\/strong>&nbsp;Mesa de Caf\u00e9 c\/ Cookies<\/p>\n\n\n\n<p>Levaremos&nbsp;um pedacinho de Paris ao seu grande dia traduzido em um atendimento requintado e de alt\u00edssima qualidade.<\/p>\n\n\n\n<p>Massa fininha, recheios saborosos e originais v\u00e3o garantir a satisfa\u00e7\u00e3o dos seus convidados.<\/p>\n\n\n\n<figure class=\"wp-block-image is-resized\"><img decoding=\"async\" src=\"http:\/\/buffetdecrepefrances.com.br\/wp-content\/uploads\/2019\/09\/buffet-de-crepes-bodas-de-ouro.jpg\" alt=\"\" class=\"wp-image-209\" width=\"373\" height=\"279\" srcset=\"https:\/\/buffetdecrepefrances.com.br\/wp-content\/uploads\/2019\/09\/buffet-de-crepes-bodas-de-ouro.jpg 784w, https:\/\/buffetdecrepefrances.com.br\/wp-content\/uploads\/2019\/09\/buffet-de-crepes-bodas-de-ouro-300x225.jpg 300w, https:\/\/buffetdecrepefrances.com.br\/wp-content\/uploads\/2019\/09\/buffet-de-crepes-bodas-de-ouro-768x577.jpg 768w\" sizes=\"(max-width: 373px) 100vw, 373px\" \/><\/figure>\n\n\n\n<p>Com extremo zelo pela qualidade, s\u00f3 trabalhamos com produtos e marcas de excel\u00eancia e sabores reconhecidos, garantindo sempre o sabor original e&nbsp;aut\u00eantico para sua festa.<\/p>\n\n\n\n<p><em>Margem de 10%&nbsp; a mais de recheios, \u00e1gua e refrigerantes para atender o excedente de n\u00ba de convidados contratado.<\/em><\/p>\n\n\n\n<p class=\"has-text-align-left\">Levamos todo material necess\u00e1rio pra seu evento:<\/p>\n\n\n\n<p class=\"has-text-align-left\">v&nbsp; Copos para servir: \u00e1gua, refrigerante, cerveja.<\/p>\n\n\n\n<p class=\"has-text-align-left\">v&nbsp; Pratos brancos de Porcelana;<\/p>\n\n\n\n<p class=\"has-text-align-left\">v&nbsp; Talheres de inox (garfos, facas, colheres);<\/p>\n\n\n\n<p class=\"has-text-align-left\">v&nbsp; R\u00e9chaud para aquecer os molhos quentes;<\/p>\n\n\n\n<p class=\"has-text-align-left\">v Pratinhos para o bolo e colher de sobremesa;<\/p>\n\n\n\n<p class=\"has-text-align-left\">v&nbsp; Guardanapos &nbsp;e outros acess\u00f3rios.<\/p>\n\n\n\n<figure class=\"wp-block-image is-resized\"><img decoding=\"async\" src=\"http:\/\/buffetdecrepefrances.com.br\/wp-content\/uploads\/2019\/09\/belgas.jpeg\" alt=\"\" class=\"wp-image-154\" width=\"369\" height=\"318\" srcset=\"https:\/\/buffetdecrepefrances.com.br\/wp-content\/uploads\/2019\/09\/belgas.jpeg 858w, https:\/\/buffetdecrepefrances.com.br\/wp-content\/uploads\/2019\/09\/belgas-300x259.jpeg 300w, https:\/\/buffetdecrepefrances.com.br\/wp-content\/uploads\/2019\/09\/belgas-768x662.jpeg 768w\" sizes=\"(max-width: 369px) 100vw, 369px\" \/><\/figure>\n\n\n\n<p class=\"has-text-align-left\">v&nbsp; Dom Perrier&nbsp;ir\u00e1 disponibilizar para a realiza\u00e7\u00e3o do evento m\u00e3o de obra uniformizada<\/p>\n\n\n<div class=\"wp-block-image\">\n<figure class=\"alignleft is-resized\"><img decoding=\"async\" src=\"http:\/\/buffetdecrepefrances.com.br\/wp-content\/uploads\/2019\/08\/angel-e-mateus-1024x804.jpeg\" alt=\"\" class=\"wp-image-92\" width=\"373\" height=\"292\" srcset=\"https:\/\/buffetdecrepefrances.com.br\/wp-content\/uploads\/2019\/08\/angel-e-mateus.jpeg 1024w, https:\/\/buffetdecrepefrances.com.br\/wp-content\/uploads\/2019\/08\/angel-e-mateus-300x236.jpeg 300w, https:\/\/buffetdecrepefrances.com.br\/wp-content\/uploads\/2019\/08\/angel-e-mateus-768x603.jpeg 768w\" sizes=\"(max-width: 373px) 100vw, 373px\" \/><\/figure>\n<\/div>\n\n\n<p>v&nbsp; Crian\u00e7as menores de 0 a 6&nbsp;anos n\u00e3o pagam;<\/p>\n\n\n\n<p>v&nbsp; Crian\u00e7as com idade de 7&nbsp;a 10 anos ser\u00e1 cobrado &nbsp;50% do valor referente ao do adulto<\/p>\n\n\n\n<p><\/p>\n\n\n\n<p><strong><em>Observa\u00e7\u00f5es:<\/em><\/strong> No local deve haver: Cozinha com freezer, pia.<\/p>\n\n\n\n<p>Chegaremos 2h antes do in\u00edcio do evento<\/p>\n\n\n\n<figure class=\"wp-block-image is-resized\"><img decoding=\"async\" src=\"https:\/\/buffetdecrepefrances.com.br\/wp-content\/uploads\/2021\/07\/mesa_de_buffet_de_crepe-1024x775.jpeg\" alt=\"\" class=\"wp-image-324\" width=\"374\" height=\"282\" srcset=\"https:\/\/buffetdecrepefrances.com.br\/wp-content\/uploads\/2021\/07\/mesa_de_buffet_de_crepe.jpeg 1024w, https:\/\/buffetdecrepefrances.com.br\/wp-content\/uploads\/2021\/07\/mesa_de_buffet_de_crepe-300x227.jpeg 300w, https:\/\/buffetdecrepefrances.com.br\/wp-content\/uploads\/2021\/07\/mesa_de_buffet_de_crepe-768x581.jpeg 768w\" sizes=\"(max-width: 374px) 100vw, 374px\" \/><\/figure>\n\n\n\n\n\n<figure class=\"wp-block-image is-resized\"><img decoding=\"async\" src=\"https:\/\/buffetdecrepefrances.com.br\/wp-content\/uploads\/2021\/07\/mesa_de_buffet_de_crepes-1024x637.jpeg\" alt=\"\" class=\"wp-image-325\" width=\"375\" height=\"233\" srcset=\"https:\/\/buffetdecrepefrances.com.br\/wp-content\/uploads\/2021\/07\/mesa_de_buffet_de_crepes.jpeg 1024w, https:\/\/buffetdecrepefrances.com.br\/wp-content\/uploads\/2021\/07\/mesa_de_buffet_de_crepes-300x187.jpeg 300w, https:\/\/buffetdecrepefrances.com.br\/wp-content\/uploads\/2021\/07\/mesa_de_buffet_de_crepes-768x478.jpeg 768w\" sizes=\"(max-width: 375px) 100vw, 375px\" \/><\/figure>\n\n\n\n<p><\/p>\n\n\n\n<p class=\"has-text-align-left has-background\" style=\"background-color:#fcf9a3\"><strong>Incluso:<\/strong>&nbsp;Pratos de Porcelana | Talheres de Inox | Copos de Vidro para Refrigerante, Suco e \u00c1gua | Guardanapos de Papel |1 mesa&nbsp;de 2,10m por 1,10 cm para montagem do Buffet | Equipe \u2013 a quantidade de funcion\u00e1rios ser\u00e1 definida \u00e1 partir do n\u00famero de convidados fechados garantido um \u00f3timo servi\u00e7o.<\/p>\n\n\n\n<p>Dura\u00e7\u00e3o: 4 &nbsp;horas\/ com + 30min. de toler\u00e2ncia. &nbsp;( 4h30 min )<\/p>\n\n\n\n<figure class=\"wp-block-gallery alignleft has-nested-images columns-default is-cropped wp-block-gallery-1 is-layout-flex wp-block-gallery-is-layout-flex\">\n<figure class=\"wp-block-image size-full\"><img decoding=\"async\" width=\"670\" height=\"883\" data-id=\"364\" src=\"http:\/\/buffetdecrepefrances.com.br\/wp-content\/uploads\/2023\/04\/WhatsApp-Image-2023-04-28-at-17.40.34.jpeg\" alt=\"\" class=\"wp-image-364\" srcset=\"https:\/\/buffetdecrepefrances.com.br\/wp-content\/uploads\/2023\/04\/WhatsApp-Image-2023-04-28-at-17.40.34.jpeg 670w, https:\/\/buffetdecrepefrances.com.br\/wp-content\/uploads\/2023\/04\/WhatsApp-Image-2023-04-28-at-17.40.34-228x300.jpeg 228w\" sizes=\"(max-width: 670px) 100vw, 670px\" \/><\/figure>\n<\/figure>\n\n\n\n<p><strong>Forma de pagamento:<\/strong>\u00a050%\u00a0no ato de contrata\u00e7\u00e3o e restante do pagamento no evento \u00a0(dinheiro ou PIX a vista) \u00a0\/ \u00a0ou no cart\u00e3o de cr\u00e9dito em at\u00e9 12x, por\u00e9m na op\u00e7\u00e3o de cart\u00e3o de cr\u00e9dito haver\u00e1 uma pequena taxa de acordo com a quantidade de parcelas escolhidas. ( modo de pagamento via PagSeguro ou MercadoPago )<br>. <br><br><\/p>\n\n\n\n<p><\/p>\n\n\n\n<p><\/p>\n\n\n\n<p><\/p>\n\n\n\n<p><\/p>\n\n\n\n<p><\/p>\n\n\n\n<p><strong>Depoimento de um cliente <\/strong><\/p>\n\n\n\n<figure><iframe src=\"https:\/\/www.youtube.com\/embed\/-7-MJ6iaRps\" width=\"350\" height=\"197\" allowfullscreen=\"allowfullscreen\"><\/iframe><\/figure>\n\n\n\n<div class=\"wp-block-button\"><a class=\"wp-block-button__link has-background wp-element-button\" href=\"http:\/\/bit.ly\/2ZJ9Ieh\" style=\"background-color:#0cae73\">Or\u00e7amento via Whatsapp <img decoding=\"async\" width=\"30\" height=\"30\" class=\"wp-image-165\" style=\"width: 30px;\" src=\"http:\/\/buffetdecrepefrances.com.br\/wp-content\/uploads\/2019\/09\/favicon.whatsapp.png\" alt=\"\"><\/a><\/div>\n","protected":false},"excerpt":{"rendered":"<p>Um toque de Paris ao seu Evento Card\u00e1pio Paris Est\u00e1 incluso todos os itens abaixo. Entrada: Torradas ao Molho do Chef Crepes salgados 1 \u2013 Quatro queijos 2- Creme de Camar\u00e3o 3- Queijo e Presunto 4- Frango com Catupiry 5- Calabresa com Catupiry 6- Queijo, Palmito e or\u00e9gano 7- Queijo, Tomate e manjeric\u00e3o 8- Calabresa&hellip; <br \/> <a class=\"button small blue\" href=\"https:\/\/buffetdecrepefrances.com.br\/index.php\/one-page-express\/paris\/\">Leia mais<\/a><\/p>\n","protected":false},"author":1,"featured_media":0,"parent":6,"menu_order":3,"comment_status":"closed","ping_status":"closed","template":"page-templates\/homepage.php","meta":{"footnotes":""},"class_list":["post-123","page","type-page","status-publish","hentry"],"aioseo_notices":[],"_links":{"self":[{"href":"https:\/\/buffetdecrepefrances.com.br\/index.php\/wp-json\/wp\/v2\/pages\/123","targetHints":{"allow":["GET"]}}],"collection":[{"href":"https:\/\/buffetdecrepefrances.com.br\/index.php\/wp-json\/wp\/v2\/pages"}],"about":[{"href":"https:\/\/buffetdecrepefrances.com.br\/index.php\/wp-json\/wp\/v2\/types\/page"}],"author":[{"embeddable":true,"href":"https:\/\/buffetdecrepefrances.com.br\/index.php\/wp-json\/wp\/v2\/users\/1"}],"replies":[{"embeddable":true,"href":"https:\/\/buffetdecrepefrances.com.br\/index.php\/wp-json\/wp\/v2\/comments?post=123"}],"version-history":[{"count":20,"href":"https:\/\/buffetdecrepefrances.com.br\/index.php\/wp-json\/wp\/v2\/pages\/123\/revisions"}],"predecessor-version":[{"id":371,"href":"https:\/\/buffetdecrepefrances.com.br\/index.php\/wp-json\/wp\/v2\/pages\/123\/revisions\/371"}],"up":[{"embeddable":true,"href":"https:\/\/buffetdecrepefrances.com.br\/index.php\/wp-json\/wp\/v2\/pages\/6"}],"wp:attachment":[{"href":"https:\/\/buffetdecrepefrances.com.br\/index.php\/wp-json\/wp\/v2\/media?parent=123"}],"curies":[{"name":"wp","href":"https:\/\/api.w.org\/{rel}","templated":true}]}}