{"id":6,"date":"2019-08-16T00:32:24","date_gmt":"2019-08-16T03:32:24","guid":{"rendered":"http:\/\/buffetdecrepefrances.com.br\/index.php\/one-page-express\/"},"modified":"2025-06-17T18:12:26","modified_gmt":"2025-06-17T21:12:26","slug":"one-page-express","status":"publish","type":"page","link":"https:\/\/buffetdecrepefrances.com.br\/","title":{"rendered":"Buffet de Crepes"},"content":{"rendered":"<div  id=\"cardapios\" class=\"features-coloured-icon-boxes-section\" style=\"background-color: #ffffff;\" data-label=\"Cardapios\" data-id=\"stripped-coloured-icon-boxes\" data-category=\"overlapable\" data-overlap=\"true\">\n<div  class=\"gridContainer\">\n<div  class=\"features-coloured-icon-boxes-innerrow flexbox-list dark-text\" data-type=\"row\">\n<div  class=\"features-coloured-icon-boxes-featurecol cp3cols\">\n<div  class=\"features-coloured-icon-boxes-iconcontainer\" data-content-item-container=\"true\"><\/div>\n<h4  class=\"\">Dom Perrier<\/h4>\n<p  class=\"\">Dom Perrier \u00e9 um buffet conceituado e especializado, que vem oferecendo seus servi\u00e7os com qualidade e comprometimento com o cliente. O buffet conta com uma grande equipe de profissionais, que est\u00e1 sempre disposta a oferecer o que h\u00e1 de melhor para os seus convidados<\/p>\n<a  class=\"features-coloured-button\" href=\"https:\/\/buffetdecrepefrances.com.br\/index.php\/one-page-express\/quem-somos\" target=\"_self\" rel=\"noopener noreferrer\">Saiba mais <\/a> <img  data-lazyloaded=\"1\" src=\"https:\/\/buffetdecrepefrances.com.br\/wp-content\/uploads\/2019\/08\/logotipo.crepes4.png\" decoding=\"async\" class=\"custom-image entered litespeed-loaded\" data-src=\"https:\/\/buffetdecrepefrances.com.br\/wp-content\/uploads\/2019\/08\/logotipo.crepes4.png\" data-ll-status=\"loaded\">\n\n<\/div>\n<div  class=\"features-coloured-icon-boxes-featurecol cp3cols\">\n<div  class=\"features-coloured-icon-boxes-iconcontainer\" data-content-item-container=\"true\"><\/div>\n<h4  class=\"\">Le France<\/h4>\n<p  class=\"\">Card\u00e1pios com 20 Sabores de Crepes Salgados + Molhos Vermelho e Branco\nEntradas +Salada completa + acompanhamentos\n10 Sabores de Crepes Doces + Caldas + Sorvete\nBebidas: Refrigerantes + Sucos + \u00c1gua MineralCa<\/p>\n<a  class=\"features-coloured-button\" href=\"https:\/\/buffetdecrepefrances.com.br\/index.php\/one-page-express\/cardapio-le-france\/#page-content\" target=\"_self\" rel=\"noopener noreferrer\">Saiba mais <\/a> <img  data-lazyloaded=\"1\" src=\"https:\/\/buffetdecrepefrances.com.br\/wp-content\/uploads\/2019\/08\/camar\u00e3o.jpg\" decoding=\"async\" class=\"custom-image entered litespeed-loaded\" data-src=\"https:\/\/buffetdecrepefrances.com.br\/wp-content\/uploads\/2019\/08\/camar\u00e3o.jpg\" data-ll-status=\"loaded\">\n\n<\/div>\n<div  class=\"features-coloured-icon-boxes-featurecol cp3cols\">\n<div  class=\"features-coloured-icon-boxes-iconcontainer\" data-content-item-container=\"true\"><\/div>\n<h4  class=\"\">Paris<\/h4>\n<p  class=\"\">Card\u00e1pio com 20 Sabores de Crepes Salgados + Molhos Vermelho e Branco\nEntradas + Salada completa + acompanhamentos\n7 Sabores de Crepes Doces + Caldas + Sorvete\nBebidas: Refrigerantes + Sucos + \u00c1gua Mineral<\/p>\n<a  class=\"features-coloured-button\" href=\"https:\/\/buffetdecrepefrances.com.br\/index.php\/one-page-express\/paris\/#page-content\" target=\"_self\" rel=\"noopener noreferrer\">saiba mais <\/a> <img  data-lazyloaded=\"1\" src=\"https:\/\/buffetdecrepefrances.com.br\/wp-content\/uploads\/2019\/08\/c700x420.jpg\" decoding=\"async\" class=\"custom-image entered litespeed-loaded\" data-src=\"https:\/\/buffetdecrepefrances.com.br\/wp-content\/uploads\/2019\/08\/c700x420.jpg\" data-ll-status=\"loaded\">\n\n<\/div>\n<div  class=\"features-coloured-icon-boxes-featurecol cp3cols\">\n<div  class=\"features-coloured-icon-boxes-iconcontainer\" data-content-item-container=\"true\"><\/div>\n<h4  class=\"\">Crepe dos Artistas<\/h4>\n<p  class=\"\">Card\u00e1pio de Crepes no Cone com 10 Sabores de Crepes Salgados\nServidos no Cone + acompanhamentos\n5 Sabores de Crepes Doces&nbsp; + Caldas\nBebidas: Refrigerantes + Sucos + \u00c1gua Mineral<\/p>\n.\n\n<a  class=\"features-coloured-button\" href=\"https:\/\/buffetdecrepefrances.com.br\/index.php\/one-page-express\/crepe-dos-artistas\" target=\"_self\" rel=\"noopener noreferrer\">saiba mais <\/a> <img  data-lazyloaded=\"1\" src=\"https:\/\/buffetdecrepefrances.com.br\/wp-content\/uploads\/2019\/08\/buffet-de-crepes-festa-de-15-anos.jpg\" decoding=\"async\" class=\"custom-image entered litespeed-loaded\" data-src=\"https:\/\/buffetdecrepefrances.com.br\/wp-content\/uploads\/2019\/08\/buffet-de-crepes-festa-de-15-anos.jpg\" data-ll-status=\"loaded\">\n\n<\/div>\n<\/div>\n<\/div>\n<\/div><div  id=\"o-que-voce-espera\" class=\"about-big-images-section\" style=\"background-color: #f6f6f6;\" data-label=\"o que voce espera\" data-id=\"about-big-images-section\" data-category=\"about\">\n<div  class=\"gridContainer\">\n<div  class=\"about-big-images-textrow\">\n<div  class=\"about-big-images-textcol dynamic-color\" data-type=\"column\">\n<h5  class=\"\">O que voc\u00ea espera de um Buffet?<\/h5>\n<h3  class=\"\">Um Crepe Crocante e saboroso, foi desta forma que conquistamos e crescemos no decorrer de anos, ganhando mais amigos do que clientes, uma rela\u00e7\u00e3o mais do que especial, para um momento unico da vida !<\/h3>\n<p  class=\"\">Escolhemos a dedo cada fornecedor que trabalha conosco, para que a qualidade de alimento que voc\u00ea serve a sua familia, seja em alto n\u00edvel.<\/p>\n\n<\/div>\n<\/div>\n<\/div>\n<div  class=\"about-big-images-bottomrow\">\n<div  class=\"about-big-images-leftimgcol\"><img  data-lazyloaded=\"1\" src=\"https:\/\/buffetdecrepefrances.com.br\/wp-content\/uploads\/2019\/08\/eduardo-costa.jpeg\" decoding=\"async\" class=\"about-big-images-leftimg entered litespeed-loaded\" data-src=\"https:\/\/buffetdecrepefrances.com.br\/wp-content\/uploads\/2019\/08\/eduardo-costa.jpeg\" data-ll-status=\"loaded\"><\/div>\n<div  class=\"about-big-images-centerimgcol\"><img  data-lazyloaded=\"1\" src=\"https:\/\/buffetdecrepefrances.com.br\/wp-content\/uploads\/2019\/08\/fabio-de-melo.jpeg\" decoding=\"async\" class=\"about-big-images-centerimg entered litespeed-loaded\" data-src=\"https:\/\/buffetdecrepefrances.com.br\/wp-content\/uploads\/2019\/08\/fabio-de-melo.jpeg\" data-ll-status=\"loaded\"><\/div>\n<div  class=\"about-big-images-rightimgcol\"><img  data-lazyloaded=\"1\" src=\"https:\/\/buffetdecrepefrances.com.br\/wp-content\/uploads\/2019\/08\/mcloma.jpeg\" decoding=\"async\" class=\"about-big-images-rightimg entered litespeed-loaded\" data-src=\"https:\/\/buffetdecrepefrances.com.br\/wp-content\/uploads\/2019\/08\/mcloma.jpeg\" data-ll-status=\"loaded\"><\/div>\n<\/div>\n<\/div><div  id=\"qualidade\" class=\"features-overlapped-icons-section stripped-features-overlapped-icons-section\" style=\"background-color: #ffffff;\" data-label=\"Qualidade\" data-id=\"stripped-features-overlapped-icons-section\" data-category=\"overlapable\" data-overlap=\"true\">\n<div  class=\"gridContainer\">\n<div  class=\"features-overlapped-icons-featuresrow flexbox-list\" data-type=\"row\">\n<div  class=\"features-large-icons-featcol cp3cols cp6cols-tablet\">\n<div  class=\"features-overlapped-icons-featinnerrow\">\n<div  class=\"features-icon-container\"><\/div>\n<div  class=\"\" data-type=\"column\">\n<h4  class=\"\">Qualidade<\/h4>\n<p  class=\"\">Lider em referencia alimentar,&nbsp; &nbsp;5 anos seguidos ganhando os selos de alta qualidade da ANVISA<\/p>\n<img  data-lazyloaded=\"1\" src=\"https:\/\/buffetdecrepefrances.com.br\/wp-content\/uploads\/2019\/08\/buffet-de-qualidade.png\" decoding=\"async\" class=\"custom-image entered litespeed-loaded\" data-src=\"https:\/\/buffetdecrepefrances.com.br\/wp-content\/uploads\/2019\/08\/buffet-de-qualidade.png\" data-ll-status=\"loaded\">\n\n<\/div>\n<\/div>\n<\/div>\n<div  class=\"features-large-icons-featcol cp3cols cp6cols-tablet\">\n<div  class=\"features-overlapped-icons-featinnerrow\">\n<div  class=\"features-icon-container\"><\/div>\n<div  class=\"\" data-type=\"column\">\n<h4  class=\"\">CATUPIRY ORIGINAL<\/h4>\n<p  class=\"\">A sua festa merece o melhor, exija o verdadeiro CATUPIRY.<\/p>\n<img  data-lazyloaded=\"1\" src=\"https:\/\/buffetdecrepefrances.com.br\/wp-content\/uploads\/2019\/08\/catupiry.jpg\" decoding=\"async\" class=\"custom-image entered litespeed-loaded\" data-src=\"https:\/\/buffetdecrepefrances.com.br\/wp-content\/uploads\/2019\/08\/catupiry.jpg\" data-ll-status=\"loaded\">\n\n<\/div>\n<\/div>\n<\/div>\n<div  class=\"features-large-icons-featcol cp3cols cp6cols-tablet\">\n<div  class=\"features-overlapped-icons-featinnerrow\">\n<div  class=\"features-icon-container\"><\/div>\n<div  class=\"\" data-type=\"column\">\n<h4  class=\"\">Sadia &amp; Perdig\u00e3o<\/h4>\n<p  class=\"\">Somente os melhores produtos destinamos aos seus convidados<\/p>\n<img  data-lazyloaded=\"1\" src=\"https:\/\/buffetdecrepefrances.com.br\/wp-content\/uploads\/2019\/08\/sadia.jpg\" decoding=\"async\" class=\"custom-image entered litespeed-loaded\" data-src=\"https:\/\/buffetdecrepefrances.com.br\/wp-content\/uploads\/2019\/08\/sadia.jpg\" data-ll-status=\"loaded\">\n\n<\/div>\n<\/div>\n<\/div>\n<div  class=\"features-large-icons-featcol cp3cols cp6cols-tablet\">\n<div  class=\"features-overlapped-icons-featinnerrow\">\n<div  class=\"features-icon-container\"><\/div>\n<div  class=\"\" data-type=\"column\">\n<h4  class=\"\">Produtos Naturais<\/h4>\n<p  class=\"\">Produtos Naturais s\u00e3o escolhidos com muito cuidado e preparados com Amor<\/p>\n<img  data-lazyloaded=\"1\" src=\"https:\/\/buffetdecrepefrances.com.br\/wp-content\/uploads\/2019\/08\/morango-3.jpg\" decoding=\"async\" class=\"custom-image entered litespeed-loaded\" data-src=\"https:\/\/buffetdecrepefrances.com.br\/wp-content\/uploads\/2019\/08\/morango-3.jpg\" data-ll-status=\"loaded\">\n\n<\/div>\n<\/div>\n<\/div>\n<\/div>\n<\/div>\n<\/div><div  id=\"casamentos\" class=\"features-image-cards-section stripped-features-image-cards-section\" style=\"background-color: #ffffff;\" data-label=\"Casamentos\" data-id=\"stripped-features-image-cards-section\" data-category=\"overlapable\" data-=\"\" data-overlap=\"true\">\n<div  class=\"gridContainer\">\n<div  class=\"features-image-cards-innerrow flexbox-list\" data-type=\"row\">\n<div  class=\"features-image-cards-cardcol cp4cols cp6cols-tablet\">\n<div  class=\"features-image-cards-cardrow\"><img  data-lazyloaded=\"1\" src=\"https:\/\/buffetdecrepefrances.com.br\/wp-content\/uploads\/2019\/08\/kevinho.jpeg\" decoding=\"async\" class=\"features-image-cards-featimg entered litespeed-loaded\" data-src=\"https:\/\/buffetdecrepefrances.com.br\/wp-content\/uploads\/2019\/08\/kevinho.jpeg\" data-ll-status=\"loaded\">\n<div  class=\"features-image-cards-cardtextrow\" data-type=\"column\">\n<h4  class=\"\">Kevinho<\/h4>\n\n<hr  class=\"features-image-cards-separator\">\n\n<\/div>\n<\/div>\n<\/div>\n<div  class=\"features-image-cards-cardcol cp4cols cp6cols-tablet\">\n<div  class=\"features-image-cards-cardrow\"><img  data-lazyloaded=\"1\" src=\"https:\/\/buffetdecrepefrances.com.br\/wp-content\/uploads\/2019\/08\/maiara-e-maraisa2.jpeg\" decoding=\"async\" class=\"features-image-cards-featimg entered litespeed-loaded\" data-src=\"https:\/\/buffetdecrepefrances.com.br\/wp-content\/uploads\/2019\/08\/maiara-e-maraisa2.jpeg\" data-ll-status=\"loaded\">\n<div  class=\"features-image-cards-cardtextrow\" data-type=\"column\">\n<h4  class=\"\">Maiara &amp; Maraisa<\/h4>\n<p  class=\"\">.<\/p>\n\n\n<hr  class=\"features-image-cards-separator\">\n\n<\/div>\n<\/div>\n<\/div>\n<div  class=\"features-image-cards-cardcol cp4cols cp6cols-tablet\">\n<div  class=\"features-image-cards-cardrow\"><img  data-lazyloaded=\"1\" src=\"https:\/\/buffetdecrepefrances.com.br\/wp-content\/uploads\/2019\/08\/daniel2.jpeg\" decoding=\"async\" class=\"features-image-cards-featimg entered litespeed-loaded\" data-src=\"https:\/\/buffetdecrepefrances.com.br\/wp-content\/uploads\/2019\/08\/daniel2.jpeg\" data-ll-status=\"loaded\">\n<div  class=\"features-image-cards-cardtextrow\" data-type=\"column\">\n<h4  class=\"\">Daniel<\/h4>\n<p  class=\"\">.<\/p>\n\n\n<hr  class=\"features-image-cards-separator\">\n\n<\/div>\n<\/div>\n<\/div>\n<\/div>\n<\/div>\n<\/div><div  id=\"aniversarios\" class=\"stripped-about-four-boxes-section\" style=\"background-color: #ffffff;\" data-label=\"Aniversarios\" data-id=\"stripped-about-four-boxes-section\" data-category=\"overlapable\" data-overlap=\"true\">\n<div  class=\"gridContainer\">\n<div  class=\"about-four-boxes-innerrow flexbox-list\">\n<div  class=\"about-four-boxes-imgcol\" style=\"background-image: url('http:\/\/buffetdecrepefrances.com.br\/wp-content\/uploads\/2019\/08\/crepe-laranja.jpeg');\" data-bg=\"image\"><\/div>\n<div  class=\"about-four-boxes-textcol\" data-type=\"column\">\n<h6  class=\"\">Apresentamos<\/h6>\n<h2  class=\"\">O verdadeiro Crepe<\/h2>\n<p  class=\"\">Usamos a receita ORIGINAL francesa , para entregar total autencidade ao seu evento<\/p>\n.\n\n<\/div>\n<div  class=\"about-four-boxes-textcol\" data-type=\"column\">\n<h6  class=\"\">Tudo o que voc\u00ea precisa saber sobre:<\/h6>\n<h2  class=\"\">O nosso BUFFET em domic\u00edlio<\/h2>\n<p  class=\"\">Contratar um buffet em domic\u00edlio tem se tornado tend\u00eancia para quem quer praticidade, mas sem perder a qualidade do servi\u00e7o. Essa \u00e9 uma \u00f3tima op\u00e7\u00e3o para quem adora receber os amigos e a fam\u00edlia em casa para conversar sobre assuntos diversos do dia a dia ou para comemorar uma data especial&nbsp; acompanhados, claro, de uma boa refei\u00e7\u00e3o!<\/p>\n\n<\/div>\n<div  class=\"about-four-boxes-imgcol2\" style=\"background-image: url('http:\/\/buffetdecrepefrances.com.br\/wp-content\/uploads\/2019\/08\/crepe-coco.jpeg');\" data-bg=\"image\"><\/div>\n<\/div>\n<\/div>\n<\/div><div  id=\"eventos\" class=\"content-left-image-section\" style=\"background-color: #ffffff;\" data-label=\"eventos\" data-id=\"content-image-left\" data-category=\"content\">\n<div  class=\"gridContainer\">\n<div  class=\"row\">\n<div  class=\"content-left-image-imgcol\" data-type=\"column\"><img  data-lazyloaded=\"1\" src=\"http:\/\/buffetdecrepefrances.com.br\/wp-content\/uploads\/2023\/04\/WhatsApp-Image-2023-04-28-at-16.05.19.jpeg\" decoding=\"async\" class=\"entered litespeed-loaded\" data-src=\"http:\/\/buffetdecrepefrances.com.br\/wp-content\/uploads\/2023\/04\/WhatsApp-Image-2023-04-28-at-16.05.19.jpeg\" alt=\"\" data-ll-status=\"loaded\"><\/div>\n<div  class=\"content-left-image-textcol dynamic-color\" data-type=\"column\">\n<h2  class=\"\">Dom Perrier<\/h2>\n<p  class=\"large_text\">J\u00e1 sabemos que o Buffet&nbsp; de Crepes \u00e9 um excelente servi\u00e7o que oferece aos clientes conforto, comodidade e muita comida gostosa, certo? Al\u00e9m disso, esses servi\u00e7os atendem desde simples eventos informais, como uma comemora\u00e7\u00e3o casual, at\u00e9 eventos maiores, como casamentos ou festas de aniversario e empresariais.<\/p>\n<a  class=\"button blue\" href=\"https:\/\/buffetdecrepefrances.com.br\/index.php\/one-page-express\/quem-somos\" target=\"_self\" rel=\"noopener noreferrer\"> Saiba mais <\/a>\n\n<\/div>\n<\/div>\n<\/div>\n<\/div><div  id=\"beneficios\" class=\"content-right-image-section\" style=\"background-color: #f6f6f6;\" data-label=\"beneficios\" data-id=\"content-image-right\" data-category=\"content\">\n<div  class=\"gridContainer\">\n<div  class=\"content-right-image-gridcol\">\n<div  class=\"content-right-image-textcol dynamic-color\" data-type=\"column\">\n<h2  class=\"\">Equipe treinada para entregar&nbsp; o melhor Evento !<\/h2>\n<p  class=\"large_text\">Atendimento \u00e9 tudo, aqui temos uma equipe treinada para dar o conforto que os seus convidados merecem, agilidade, bom humor e cortesia \u00e9 o lema principal de cada funcion\u00e1rio nosso, fique tranquilo (a) a Dom vai cuidar com&nbsp; carinho e aten\u00e7\u00e3o de cada detalhe no seu evento para ser ainda mais Especial !<\/p>\n\n<\/div>\n<div  class=\"content-right-image-imgcol\" data-type=\"column\"><img  data-lazyloaded=\"1\" src=\"https:\/\/buffetdecrepefrances.com.br\/wp-content\/uploads\/2019\/08\/garcons.jpeg\" decoding=\"async\" class=\"entered litespeed-loaded\" data-src=\"https:\/\/buffetdecrepefrances.com.br\/wp-content\/uploads\/2019\/08\/garcons.jpeg\" data-ll-status=\"loaded\"><\/div>\n<\/div>\n<\/div>\n<\/div><div  id=\"numeros\" class=\"numbers-section\" style=\"background-image: url('http:\/\/buffetdecrepefrances.com.br\/wp-content\/plugins\/one-page-express-companion\/theme-data\/one-page-express\/sections\/images\/Travel_through_New_York_wallpaper-1920x1200.jpg'); background-size: auto 625px; background-repeat: no-repeat; background-position: center top 82.8014%;\" data-label=\"Numeros\" data-id=\"numbers-section\" data-category=\"numbers\" data-bg=\"transparent\" data-parallax-depth=\"20\">\n<div  class=\"dynamic-color\">\n<div  class=\"numbers-itemcol\">\n<h2  class=\"numbers-numbertext\">594<\/h2>\n<h3  class=\"numbers-titletext\">CASAMENTOS<\/h3>\n<\/div>\n<div  class=\"numbers-itemcol\">\n<h2  class=\"numbers-numbertext\">1131<\/h2>\n<h3  class=\"numbers-titletext\">ANIVERS\u00c1RIOS<\/h3>\n<\/div>\n<div  class=\"numbers-itemcol-last\">\n<h2  class=\"numbers-numbertext\">457<\/h2>\n<h3  class=\"numbers-titletext\">FESTAS CORPORATIVAS<\/h3>\n<\/div>\n<\/div>\n<\/div><div  id=\"contato\" class=\"contact-section-formsection white-text\" style=\"background-image: url('http:\/\/buffetdecrepefrances.com.br\/wp-content\/plugins\/one-page-express-companion\/theme-data\/one-page-express\/sections\/images\/Travel_through_New_York_wallpaper-1920x1200.jpg'); background-size: auto 1010px; background-repeat: no-repeat; background-position: center top 81.0553%;\" data-label=\"Contato\" data-id=\"contact-section\" data-category=\"contact\" data-bg=\"transparent\">\n<div  class=\"gridContainer\">\n<div  class=\"row_224\">\n<div  class=\"contact-textrow\">\n<div  class=\"contact-textcol dynamic-color\">\n<h2  class=\"\">Queremos saber mais sobre o seu evento<\/h2>\n<p  class=\"white_text\">Clique no Icone do WHATSAPP que entraremos em contato em breve !<\/p>\n\n<\/div>\n<\/div>\n<\/div>\n<div  class=\"contact-formcol\" data-content-shortcode=\"one_page_express_contact_form\" data-editable=\"true\"><p style=\"text-align:center;color:#ababab\">Contact form will be displayed here. To activate it you have to click this area and set the shortcode parameter in Customizer.<\/p><\/div>\n<\/div>\n<\/div>","protected":false},"excerpt":{"rendered":"<p>Dom Perrier Dom Perrier \u00e9 um buffet conceituado e especializado, que vem oferecendo seus servi\u00e7os com qualidade e comprometimento com o cliente. O buffet conta com uma grande equipe de profissionais, que est\u00e1 sempre disposta a oferecer o que h\u00e1 de melhor para os seus convidados Saiba mais Le France Card\u00e1pios com 20 Sabores de&hellip; <br \/> <a class=\"button small blue\" href=\"https:\/\/buffetdecrepefrances.com.br\/index.php\/2019\/07\/25\/ola-mundo\/\">Leia mais<\/a><\/p>\n","protected":false},"author":1,"featured_media":0,"parent":0,"menu_order":0,"comment_status":"closed","ping_status":"closed","template":"","meta":{"footnotes":""},"class_list":["post-6","page","type-page","status-publish","hentry"],"aioseo_notices":[],"_links":{"self":[{"href":"https:\/\/buffetdecrepefrances.com.br\/index.php\/wp-json\/wp\/v2\/pages\/6","targetHints":{"allow":["GET"]}}],"collection":[{"href":"https:\/\/buffetdecrepefrances.com.br\/index.php\/wp-json\/wp\/v2\/pages"}],"about":[{"href":"https:\/\/buffetdecrepefrances.com.br\/index.php\/wp-json\/wp\/v2\/types\/page"}],"author":[{"embeddable":true,"href":"https:\/\/buffetdecrepefrances.com.br\/index.php\/wp-json\/wp\/v2\/users\/1"}],"replies":[{"embeddable":true,"href":"https:\/\/buffetdecrepefrances.com.br\/index.php\/wp-json\/wp\/v2\/comments?post=6"}],"version-history":[{"count":60,"href":"https:\/\/buffetdecrepefrances.com.br\/index.php\/wp-json\/wp\/v2\/pages\/6\/revisions"}],"predecessor-version":[{"id":396,"href":"https:\/\/buffetdecrepefrances.com.br\/index.php\/wp-json\/wp\/v2\/pages\/6\/revisions\/396"}],"wp:attachment":[{"href":"https:\/\/buffetdecrepefrances.com.br\/index.php\/wp-json\/wp\/v2\/media?parent=6"}],"curies":[{"name":"wp","href":"https:\/\/api.w.org\/{rel}","templated":true}]}}