{"id":97,"date":"2019-09-09T21:01:43","date_gmt":"2019-09-10T00:01:43","guid":{"rendered":"http:\/\/buffetdecrepefrances.com.br\/?page_id=97"},"modified":"2023-09-05T19:53:17","modified_gmt":"2023-09-05T22:53:17","slug":"quem-somos","status":"publish","type":"page","link":"https:\/\/buffetdecrepefrances.com.br\/index.php\/one-page-express\/quem-somos\/","title":{"rendered":"Quem Somos"},"content":{"rendered":"<div class=\"wp-block-image\">\n<figure class=\"alignleft size-full is-resized\"><img decoding=\"async\" src=\"http:\/\/buffetdecrepefrances.com.br\/wp-content\/uploads\/2019\/09\/crepe-laranja-1.jpeg\" alt=\"\" class=\"wp-image-305\" style=\"width:369px;height:203px\" width=\"369\" height=\"203\"\/><\/figure>\n<\/div>\n\n\n<p>\u00c9 um prazer receb\u00ea-lo no site&nbsp;Dom Perrier.<\/p>\n\n\n\n<p>Desejamos que ao navegar por aqui, voc\u00ea sinta a mesma satisfa\u00e7\u00e3o que temos ao preparar os nossos produtos.<\/p>\n\n\n\n<p>Queremos dividir com voc\u00ea a paix\u00e3o pelo universo da tradicional gastronomia Francesa, o&nbsp;nosso delicioso Crepe, &nbsp;e todas as outras op\u00e7\u00f5es&nbsp;aqui oferecidas.<\/p>\n\n\n<div class=\"wp-block-image\">\n<figure class=\"alignleft size-full is-resized\"><img decoding=\"async\" src=\"http:\/\/buffetdecrepefrances.com.br\/wp-content\/uploads\/2023\/09\/IMG_1696.jpg\" alt=\"\" class=\"wp-image-375\" style=\"width:350px;height:286px\" width=\"350\" height=\"286\"\/><\/figure>\n<\/div>\n\n\n<p>Somos uma empresa especializada em preparar crepes franceses, onde levamos at\u00e9 nosso cliente o melhor sabor da mistura entre a massa e os recheios, nossos profissionais tem experi\u00eancia de mais de 15 anos no mercado, sempre se aperfei\u00e7oando com treinamentos e cursos nas \u00e1reas de culin\u00e1ria e atendimento.<\/p>\n\n\n\n<p>Nosso objetivo \u00e9 atender da melhor maneira poss\u00edvel nosso cliente para que eles desfrutem de seu evento e tamb\u00e9m apreciem o sabor da nossa comida.<\/p>\n\n\n\n<figure class=\"wp-block-image is-resized\"><img decoding=\"async\" src=\"http:\/\/buffetdecrepefrances.com.br\/wp-content\/uploads\/2019\/09\/gar\u00e7om.jpeg\" alt=\"\" class=\"wp-image-193\" style=\"width:469px;height:282px\" width=\"469\" height=\"282\" srcset=\"https:\/\/buffetdecrepefrances.com.br\/wp-content\/uploads\/2019\/09\/gar\u00e7om.jpeg 796w, https:\/\/buffetdecrepefrances.com.br\/wp-content\/uploads\/2019\/09\/gar\u00e7om-300x181.jpeg 300w, https:\/\/buffetdecrepefrances.com.br\/wp-content\/uploads\/2019\/09\/gar\u00e7om-768x463.jpeg 768w\" sizes=\"(max-width: 469px) 100vw, 469px\" \/><\/figure>\n\n\n\n<p>Temos toda estrutura necess\u00e1ria para a realiza\u00e7\u00e3o de eventos, anivers\u00e1rios, festas, casamentos, almo\u00e7os, jantares e confraterniza\u00e7\u00f5es em geral.<\/p>\n\n\n\n<p>Com muito requinte, os crepes \u00e1 moda francesa s\u00e3o preparados no local do evento, na presen\u00e7a de seus convidados, garantindo assim a qualidade de seus alimentos &nbsp;e a aplica\u00e7\u00e3o dos r\u00edgidos padr\u00f5es de higiene.<\/p>\n\n\n\n<figure class=\"wp-block-image is-resized\"><img decoding=\"async\" src=\"http:\/\/buffetdecrepefrances.com.br\/wp-content\/uploads\/2019\/09\/dani-1024x745.jpeg\" alt=\"\" class=\"wp-image-195\" style=\"width:464px;height:337px\" width=\"464\" height=\"337\" srcset=\"https:\/\/buffetdecrepefrances.com.br\/wp-content\/uploads\/2019\/09\/dani.jpeg 1024w, https:\/\/buffetdecrepefrances.com.br\/wp-content\/uploads\/2019\/09\/dani-300x218.jpeg 300w, https:\/\/buffetdecrepefrances.com.br\/wp-content\/uploads\/2019\/09\/dani-768x559.jpeg 768w\" sizes=\"(max-width: 464px) 100vw, 464px\" \/><\/figure>\n\n\n\n<p>Sempre primando pela qualidade e sabor,&nbsp;todos os nosso produtos&nbsp;passam por uma sele\u00e7\u00e3o rigorosa, s\u00e3o escolhidas a dedo e produzidos de forma artesanal a partir de mat\u00e9rias-primas da melhor qualidade, nossa empresa busca oferecer o que a de melhor para que seu evento seja um Sucesso !<\/p>\n\n\n\n<figure class=\"wp-block-image is-resized\"><img decoding=\"async\" src=\"http:\/\/buffetdecrepefrances.com.br\/wp-content\/uploads\/2019\/09\/tais-chapa-de-crepes.jpeg\" alt=\"\" class=\"wp-image-184\" style=\"width:464px;height:326px\" width=\"464\" height=\"326\" srcset=\"https:\/\/buffetdecrepefrances.com.br\/wp-content\/uploads\/2019\/09\/tais-chapa-de-crepes.jpeg 818w, https:\/\/buffetdecrepefrances.com.br\/wp-content\/uploads\/2019\/09\/tais-chapa-de-crepes-300x211.jpeg 300w, https:\/\/buffetdecrepefrances.com.br\/wp-content\/uploads\/2019\/09\/tais-chapa-de-crepes-768x541.jpeg 768w\" sizes=\"(max-width: 464px) 100vw, 464px\" \/><\/figure>\n\n\n\n<h2 class=\"wp-block-heading\">Crepes<\/h2>\n\n\n<div class=\"wp-block-image\">\n<figure class=\"alignleft size-full is-resized\"><img decoding=\"async\" src=\"http:\/\/buffetdecrepefrances.com.br\/wp-content\/uploads\/2023\/09\/5465b4d0-56ef-4a3f-b7a7-be4e2f4218bb.jpg\" alt=\"\" class=\"wp-image-377\" style=\"width:364px;height:442px\" width=\"364\" height=\"442\"\/><\/figure>\n<\/div>\n\n\n<h2 class=\"wp-block-heading\">O Crepe e sua Origem<\/h2>\n\n\n\n<p>A origem do crepe \u00e9 antiga. Eles s\u00e3o consumidos de v\u00e1rias formas h\u00e1 cerca de 9.000 anos. Os crepes sempre estiveram presentes em muitas regi\u00f5es da Europa. A primeira receita de crepe que se tem not\u00edcia foi encontrada na Fran\u00e7a, por volta de 1390 em um livro chamado Manger de Paris (Comida Parisiense).<br>O crepe al\u00e7ou v\u00f4o para as mesas mais sofisticadas, preparadas com produtos ex\u00f3ticos e raros. Atualmente, s\u00e3o servidos de todas as formas: salgados ou doces; simples ou recheados; abertos, enrolados ou empilhados; como sobremesa ou entrada. &nbsp;Hoje, nos recheios, os crepes mant\u00eam desde a Idade M\u00e9dia a mesma forma simples e r\u00e1pida de prepara\u00e7\u00e3o.<\/p>\n\n\n<div class=\"wp-block-image\">\n<figure class=\"alignleft size-full is-resized\"><img decoding=\"async\" src=\"http:\/\/buffetdecrepefrances.com.br\/wp-content\/uploads\/2023\/09\/IMG_1697.jpg\" alt=\"\" class=\"wp-image-378\" style=\"width:359px;height:184px\" width=\"359\" height=\"184\"\/><\/figure>\n<\/div>\n\n\n<h2 class=\"wp-block-heading\" id=\"secao-manger-des-crepes-a-la-chandeleur-apporte-unan-de-bonheur\"><\/h2>\n\n\n\n<p><font style=\"vertical-align: inherit;\"><font style=\"vertical-align: inherit;\"><strong>&#8220;Comer crepes \u00e0 luz de velas traz felicidade.&#8221;<\/strong><\/font><\/font><\/p>\n\n\n\n<p>O ditado franc\u00eas garante que comer crepes no dia de Chandeleur, 2 de fevereiro \u2013 data comemorativa dessa del\u00edcia inventada pelo povo bret\u00e3o \u2013 traz sorte por um ano. S\u00edmbolos de riqueza, abund\u00e2ncia e luxo, os crepes franceses comp\u00f5em um cap\u00edtulo \u00e0 parte no universo gastron\u00f4mico de seu pa\u00eds de origem.<\/p>\n\n\n\n<p class=\"has-text-align-left\"><strong>Como \u00e9 feito a Massa do Crepe ?<\/strong><\/p>\n\n\n\n<p class=\"has-text-align-left\">Nosso Crepe \u00e9 feita com o mesmo modelo original Franc\u00eas ( atual )<\/p>\n\n\n\n<p class=\"has-text-align-left\">1\/2 Xicar\u00e1 de Ol\u00e9o de Milho<\/p>\n\n\n\n<p class=\"has-text-align-left\">2 Ovos<\/p>\n\n\n\n<p class=\"has-text-align-left\">2 Xicar\u00e1s de Farinha de Trigo<\/p>\n\n\n\n<p class=\"has-text-align-left\">1 colher&nbsp;pequena de Sal<\/p>\n\n\n\n<p class=\"has-text-align-left\">500ml de Leite Integral<\/p>\n\n\n\n<p class=\"has-text-align-left\">50ml de Vinho Branco Seco<\/p>\n\n\n\n<p class=\"has-text-align-left\">Batido no Liquidificador \u2013 temos a nossa Massa artesanal e Tradicional que h\u00e1 anos faz muito Sucesso.<\/p>\n\n\n\n<figure class=\"wp-block-image is-resized\"><img decoding=\"async\" src=\"http:\/\/buffetdecrepefrances.com.br\/wp-content\/uploads\/2019\/09\/tais-crepes-franceses.jpeg\" alt=\"\" class=\"wp-image-183\" style=\"width:474px;height:268px\" width=\"474\" height=\"268\" srcset=\"https:\/\/buffetdecrepefrances.com.br\/wp-content\/uploads\/2019\/09\/tais-crepes-franceses.jpeg 899w, https:\/\/buffetdecrepefrances.com.br\/wp-content\/uploads\/2019\/09\/tais-crepes-franceses-300x170.jpeg 300w, https:\/\/buffetdecrepefrances.com.br\/wp-content\/uploads\/2019\/09\/tais-crepes-franceses-768x435.jpeg 768w\" sizes=\"(max-width: 474px) 100vw, 474px\" \/><\/figure>\n\n\n\n<p class=\"has-text-align-left\">Temos a op\u00e7\u00e3o de Farinha Integral ou Massa especial para algum convidado, caso o nosso cliente solicite.<\/p>\n\n\n\n<iframe width=\"300\" height=\"300\" src=\"https:\/\/www.youtube.com\/embed\/xiyn2pZUR0g\" frameborder=\"0\" allow=\"accelerometer; autoplay; encrypted-media; gyroscope; picture-in-picture\" allowfullscreen=\"\"><\/iframe>\n\n\n\n<iframe width=\"300\" height=\"300\" src=\"https:\/\/www.youtube.com\/embed\/N0u4TlYckEs\" frameborder=\"0\" allow=\"accelerometer; autoplay; encrypted-media; gyroscope; picture-in-picture\" allowfullscreen=\"\"><\/iframe>\n\n\n\n<p class=\"has-text-align-left\">O nosso Buffet trabalha com&nbsp;<strong>total transpar\u00eancia<\/strong>&nbsp;em todos os processos, desde o atendimento at\u00e9 o produto que \u00e9 colocado em sua festa.<\/p>\n\n\n\n<figure class=\"wp-block-image is-resized\"><img decoding=\"async\" src=\"http:\/\/buffetdecrepefrances.com.br\/wp-content\/uploads\/2019\/09\/produtos-1024x815.jpeg\" alt=\"\" class=\"wp-image-196\" style=\"width:494px;height:392px\" width=\"494\" height=\"392\" srcset=\"https:\/\/buffetdecrepefrances.com.br\/wp-content\/uploads\/2019\/09\/produtos.jpeg 1024w, https:\/\/buffetdecrepefrances.com.br\/wp-content\/uploads\/2019\/09\/produtos-300x239.jpeg 300w, https:\/\/buffetdecrepefrances.com.br\/wp-content\/uploads\/2019\/09\/produtos-768x611.jpeg 768w\" sizes=\"(max-width: 494px) 100vw, 494px\" \/><figcaption class=\"wp-element-caption\">Produtos ficam separados durante todo o evento <\/figcaption><\/figure>\n\n\n\n<p class=\"has-text-align-left\">Abaixo segue os&nbsp;<strong>produtos<\/strong>&nbsp;e as<strong>&nbsp;Marcas<\/strong>&nbsp;utilizadas, n\u00e3o trabalhamos com estoque de produtos, toda a compra \u00e9 feito na semana pr\u00e9vi\u00e1 ao Evento, compramos no mercado Makro e ditribuidora PMG (com Nota Fiscal).<\/p>\n\n\n\n<figure class=\"wp-block-table\"><table><tbody><tr><td><strong>Produto<\/strong>s:<\/td><td><strong>Marca<\/strong>s:<\/td><\/tr><tr><td>Camar\u00e3o <\/td><td>Dellmare \/ Costasul <\/td><\/tr><tr><td><strong>Queijo Mussarela<\/strong><\/td><td><strong>Skala \/ 3 Marias<\/strong><\/td><\/tr><tr><td>Requeij\u00e3o<\/td><td>Catupiry Original<\/td><\/tr><tr><td><strong>Calabresa<\/strong><\/td><td><strong>Sadia<\/strong><\/td><\/tr><tr><td>Cheddar<\/td><td>Dalora \/ Skala<\/td><\/tr><tr><td><strong>Frango \u2013 peito&nbsp;desfiado<\/strong><\/td><td><strong>Sadia<\/strong><\/td><\/tr><tr><td>Presunto<\/td><td>Sadia<\/td><\/tr><tr><td><strong>Parmes\u00e3o<\/strong><\/td><td><strong>Quat\u00e1 \/ Skala<\/strong><\/td><\/tr><tr><td>Ol\u00e9o de Milho<\/td><td>Soya \/ Liza<\/td><\/tr><tr><td><strong>Tomate \u2013 fresco<\/strong><\/td><td><strong>Ceasa<\/strong><\/td><\/tr><tr><td>Palmito<\/td><td>Bonduelle \/ Hemmer<\/td><\/tr><tr><td><strong>Milho<\/strong><\/td><td>Bo<strong>nduelle \/ Aro<\/strong><\/td><\/tr><tr><td>Broc\u00f3lis<\/td><td>Aro<\/td><\/tr><tr><td><strong>Torradas<\/strong><\/td><td><strong>Bauducco<\/strong><\/td><\/tr><tr><td>Carne mo\u00edda \u2013 Maminha<\/td><td>Friboi<\/td><\/tr><tr><td><strong>Azeitonas<\/strong><\/td><td><strong>Aro<\/strong><\/td><\/tr><tr><td>Farinha de Trigo<\/td><td>Anaconda<\/td><\/tr><tr><td><strong>Vinho Branco Seco <\/strong><\/td><td><strong>Salton<\/strong><\/td><\/tr><tr><td>Sal<\/td><td>Cisne<\/td><\/tr><tr><td><strong>Leite Integral \u2013 1 litro<\/strong><\/td><td><strong>Paulista<\/strong><\/td><\/tr><tr><td>Frutas<\/td><td>Ceasa<\/td><\/tr><tr><td><strong>Leite Condensado<\/strong><\/td><td><strong>Itamb\u00e9<\/strong><\/td><\/tr><tr><td>Beijinho<\/td><td>Itamb\u00e9 \/ Sococo<\/td><\/tr><tr><td><strong>Chocolate<\/strong><\/td><td><strong>Harald<\/strong>  \/ <strong>Nutella <\/strong><\/td><\/tr><tr><td>Doce de Leite<\/td><td>Itamb\u00e9<\/td><\/tr><tr><td><strong>Cream Cheese<\/strong><\/td><td><strong>Philadelphia<\/strong> \/ <strong>Skala <\/strong><\/td><\/tr><tr><td>Sorvete<\/td><td>Nestl\u00e9 \/  Oggi<\/td><\/tr><tr><td><strong>Sucos<\/strong><\/td><td><strong>Del Valle <\/strong><\/td><\/tr><tr><td>Refrigerantes<\/td><td>Coca-Cola<\/td><\/tr><tr><td><strong>Refrigerante \u2013 Guaran\u00e1<\/strong><\/td><td><strong>Antartica<\/strong><\/td><\/tr><\/tbody><\/table><\/figure>\n\n\n\n<p class=\"has-text-align-left\">Mais do que realizar um evento em alto n\u00edvel, nos preocupamos em manipular os alimentos com o m\u00e1ximo de cuidado e higiene, as embalagens seguem lacradas e abertas somente no local do evento ap\u00f3s higieniza\u00e7\u00e3o das mesas ( luvas e toucas s\u00e3o utilizados de forma constante durante o evento)<\/p>\n\n\n\n<iframe width=\"300\" height=\"300\" src=\"https:\/\/www.youtube.com\/embed\/ncjC4ovnRCg\" frameborder=\"0\" allow=\"accelerometer; autoplay; encrypted-media; gyroscope; picture-in-picture\" allowfullscreen=\"\"><\/iframe>\n\n\n\n<p class=\"has-text-align-left\">Um dos nossos principais valores \u00e9 a&nbsp;<strong>Transpar\u00eancia<\/strong>, com isso mantemos a nossa qualidade ha mais de 15 anos ,com respeito aos nossos clientes e mantendo ao m\u00e1ximo a seguran\u00e7a alimentar.<\/p>\n\n\n\n<script src=\"https:\/\/cdn1.casamentos.com.br\/js\/wp-widget.js?nossl-20190913-06BR53-1\"><\/script>\n<div id=\"wp-widget-reviews\">\n    <div id=\"wp-widget-preview\">\n        Leia <a href=\"https:\/\/www.casamentos.com.br\/buffet-casamento\/dom-perrier--e155609\/opinioes\">nossas opini\u00f5es<\/a> em &nbsp;\n        <a href=\"https:\/\/www.casamentos.com.br\">\n            <img decoding=\"async\" src=\"https:\/\/cdn1.casamentos.com.br\/assets\/img\/logos\/gen_logoHeader.svg\" height=\"20\">\n        <\/a>\n    <\/div>\n<\/div>\n<script>wpShowReviews(155609, \"red\");<\/script>\n\n\n\n<div class=\"wp-block-button\"><a class=\"wp-block-button__link has-background wp-element-button\" href=\"http:\/\/bit.ly\/2ZJ9Ieh\" style=\"background-color:#22ac27\">Chame agora no Whatsapp <img decoding=\"async\" width=\"30\" height=\"30\" class=\"wp-image-165\" style=\"width: 30px;\" src=\"http:\/\/buffetdecrepefrances.com.br\/wp-content\/uploads\/2019\/09\/favicon.whatsapp.png\" alt=\"\"> <\/a><\/div>\n\n\n\n<p><\/p>\n","protected":false},"excerpt":{"rendered":"<p>\u00c9 um prazer receb\u00ea-lo no site&nbsp;Dom Perrier. Desejamos que ao navegar por aqui, voc\u00ea sinta a mesma satisfa\u00e7\u00e3o que temos ao preparar os nossos produtos. Queremos dividir com voc\u00ea a paix\u00e3o pelo universo da tradicional gastronomia Francesa, o&nbsp;nosso delicioso Crepe, &nbsp;e todas as outras op\u00e7\u00f5es&nbsp;aqui oferecidas. Somos uma empresa especializada em preparar crepes franceses, onde&hellip; <br \/> <a class=\"button small blue\" href=\"https:\/\/buffetdecrepefrances.com.br\/index.php\/one-page-express\/quem-somos\/\">Leia mais<\/a><\/p>\n","protected":false},"author":1,"featured_media":0,"parent":6,"menu_order":0,"comment_status":"closed","ping_status":"closed","template":"page-templates\/homepage.php","meta":{"footnotes":""},"class_list":["post-97","page","type-page","status-publish","hentry"],"aioseo_notices":[],"_links":{"self":[{"href":"https:\/\/buffetdecrepefrances.com.br\/index.php\/wp-json\/wp\/v2\/pages\/97","targetHints":{"allow":["GET"]}}],"collection":[{"href":"https:\/\/buffetdecrepefrances.com.br\/index.php\/wp-json\/wp\/v2\/pages"}],"about":[{"href":"https:\/\/buffetdecrepefrances.com.br\/index.php\/wp-json\/wp\/v2\/types\/page"}],"author":[{"embeddable":true,"href":"https:\/\/buffetdecrepefrances.com.br\/index.php\/wp-json\/wp\/v2\/users\/1"}],"replies":[{"embeddable":true,"href":"https:\/\/buffetdecrepefrances.com.br\/index.php\/wp-json\/wp\/v2\/comments?post=97"}],"version-history":[{"count":21,"href":"https:\/\/buffetdecrepefrances.com.br\/index.php\/wp-json\/wp\/v2\/pages\/97\/revisions"}],"predecessor-version":[{"id":379,"href":"https:\/\/buffetdecrepefrances.com.br\/index.php\/wp-json\/wp\/v2\/pages\/97\/revisions\/379"}],"up":[{"embeddable":true,"href":"https:\/\/buffetdecrepefrances.com.br\/index.php\/wp-json\/wp\/v2\/pages\/6"}],"wp:attachment":[{"href":"https:\/\/buffetdecrepefrances.com.br\/index.php\/wp-json\/wp\/v2\/media?parent=97"}],"curies":[{"name":"wp","href":"https:\/\/api.w.org\/{rel}","templated":true}]}}